{"id":1944,"date":"2013-11-03T14:21:56","date_gmt":"2013-11-03T14:21:56","guid":{"rendered":"http:\/\/bi-wollenberg.org\/?page_id=2"},"modified":"2026-03-20T09:26:32","modified_gmt":"2026-03-20T08:26:32","slug":"wollenberg","status":"publish","type":"page","link":"https:\/\/bi-wollenberg.de\/index.php\/wollenberg\/","title":{"rendered":"Wollenberg"},"content":{"rendered":"<p>Der Wollenberg ist ein bewaldeter Berg im Landkreis Marburg-Biedenkopf (Hessen). Er liegt innerhalb eines geschlossenen Waldgebietes \u00fcber dem Lahntal und ist Teil des ca. 14\u00a0km\u00b2 gro\u00dfen Staatsforstes Wetter-West. Der Berg besteht aus den drei Hauptgipfeln Norn (422\u00a0m \u00fc.\u00a0NN), Eckelskirche (474\u00a0m \u00fc.\u00a0NN) und Wollenberg (467\u00a0m \u00fc.\u00a0NN). Eingerahmt wird das Waldgebiet von den zu Wetter geh\u00f6renden Ortschaften Am\u00f6nau und Oberndorf im Norden, Warzenbach im Nordwesten sowie den Lahntaler Ortsteilen Brungershausen und Kernbach im S\u00fcdwesten, Caldern im S\u00fcden, Sterzhausen im S\u00fcdwesten sowie der Stadt Wetter im Nordosten.<\/p>\n<p style=\"text-align: center;\"><img decoding=\"async\" src=\"https:\/\/bi-wollenberg.de\/wp-content\/uploads\/2024\/01\/Wollenberg_OTM.jpg\" alt=\"\" \/><br \/>\nKartendaten: \u00a9\u00a0<a href=\"https:\/\/openstreetmap.org\/copyright\">OpenStreetMap<\/a>-Mitwirkende,\u00a0<a href=\"http:\/\/viewfinderpanoramas.org\/\">SRTM<\/a>\u00a0| Kartendarstellung: \u00a9\u00a0<a href=\"https:\/\/opentopomap.org\/\">OpenTopoMap<\/a>,\u00a0<a href=\"https:\/\/creativecommons.org\/licenses\/by-sa\/3.0\/\">CC-BY-SA<\/a><\/p>\n<p>Der Wollenberg ist Bestandteil des FFH-Gebiets \u201eLahnh\u00e4nge zwischen Biedenkopf und Marburg\u201c (Natura 2000). Dort sind Bechsteinfledermaus, Gro\u00dfes Mausohr und Mopsfledermaus nach Anhang II der FFH-Richtlinie besonders streng gesch\u00fctzt. Deren Lebensraum und Jagdhabitate gilt es ebenso zu erhalten wie die Vorkommen von vier Wald-Lebensraumtypen (Anhang I).<\/p>\n<p>Im und am Wollenberg br\u00fcten mehrere Rotmilanpaare, leben Populationen von Wespenbussard, M\u00e4usebussard, Kolkrabe, Schwarzstorch, Waldohreule und Uhu. Es gibt 73 Vogelarten, davon 56 als Brutv\u00f6gel. Hier leben 12 verschiedene Fledermausarten sowie Wildkatze und gelegentlich Luchs. Im Wollenberg wachsen \u00fcber 150 Jahre alte Eichen. Der Wollenberg wird als Naherholungsgebiet mit ca. 18 km Rundwanderwegen von vielen Menschen genutzt. Die Wege verbinden einzigartige, sagenumwobene Natur- und Kulturst\u00e4tten \u2013 wie z.B. Wichtelh\u00e4user, Nornwand und Eckelskirche.<\/p>\n<h4 style=\"text-align: center;\">Naturlandschaft Wollenberg<\/h4>\n<p style=\"text-align: center;\"><img decoding=\"async\" src=\"https:\/\/bi-wollenberg.de\/wp-content\/uploads\/2014\/08\/Hirsch_Wollenberg_I.jpg\" alt=\"\" \/><br \/>\nQuelle: bi-wollenberg.de\/, <a href=\"http:\/\/creativecommons.org\/licenses\/by-sa\/3.0\/de\/\" target=\"_blank\" rel=\"noopener noreferrer\">CC BY-SA 3.0<\/a><\/p>\n<h1>\u00a0Impressionen:<\/h1>\n<p style=\"text-align: center;\"><img decoding=\"async\" src=\"https:\/\/bi-wollenberg.de\/wp-content\/uploads\/2013\/11\/W_II.jpg\" alt=\"\" \/><\/p>\n<p style=\"text-align: center;\">Quelle: bi-wollenberg.de\/, <a href=\"http:\/\/creativecommons.org\/licenses\/by-sa\/3.0\/de\/\" target=\"_blank\" rel=\"noopener noreferrer\">CC BY-SA 3.0<\/a><\/p>\n<p style=\"text-align: center;\"><img decoding=\"async\" src=\"https:\/\/bi-wollenberg.de\/wp-content\/uploads\/2013\/11\/Wollenberg_IV.jpg\" alt=\"\" \/><\/p>\n<p style=\"text-align: center;\">Quelle: bi-wollenberg.de\/, <a href=\"http:\/\/creativecommons.org\/licenses\/by-sa\/3.0\/de\/\" target=\"_blank\" rel=\"noopener noreferrer\">CC BY-SA 3.0<\/a><\/p>\n<p style=\"text-align: center;\"><img decoding=\"async\" src=\"https:\/\/bi-wollenberg.de\/wp-content\/uploads\/2013\/11\/Wollenberg_V.jpg\" alt=\"\" \/><\/p>\n<p style=\"text-align: center;\">Quelle: bi-wollenberg.de\/, <a href=\"http:\/\/creativecommons.org\/licenses\/by-sa\/3.0\/de\/\" target=\"_blank\" rel=\"noopener noreferrer\">CC BY-SA 3.0<\/a><\/p>\n<p style=\"text-align: center;\"><img decoding=\"async\" src=\"https:\/\/bi-wollenberg.de\/wp-content\/uploads\/2014\/08\/Impression_1.jpg\" alt=\"\" \/><\/p>\n<p style=\"text-align: center;\">Quelle: bi-wollenberg.de\/, <a href=\"http:\/\/creativecommons.org\/licenses\/by-sa\/3.0\/de\/\" target=\"_blank\" rel=\"noopener noreferrer\">CC BY-SA 3.0<\/a><\/p>\n<p style=\"text-align: center;\"><img decoding=\"async\" src=\"https:\/\/bi-wollenberg.de\/wp-content\/uploads\/2014\/08\/Impression_2.jpg\" alt=\"\" \/><\/p>\n<p style=\"text-align: center;\">Quelle: bi-wollenberg.de\/, <a href=\"http:\/\/creativecommons.org\/licenses\/by-sa\/3.0\/de\/\" target=\"_blank\" rel=\"noopener noreferrer\">CC BY-SA 3.0<\/a><\/p>\n","protected":false},"excerpt":{"rendered":"<p>Der Wollenberg ist ein bewaldeter Berg im Landkreis Marburg-Biedenkopf (Hessen). Er liegt innerhalb eines geschlossenen Waldgebietes \u00fcber dem Lahntal und ist Teil des ca. 14\u00a0km\u00b2 gro\u00dfen Staatsforstes Wetter-West. Der Berg besteht aus den drei Hauptgipfeln Norn (422\u00a0m \u00fc.\u00a0NN), Eckelskirche (474\u00a0m \u00fc.\u00a0NN) und Wollenberg (467\u00a0m \u00fc.\u00a0NN). Eingerahmt wird das Waldgebiet von den zu Wetter geh\u00f6renden Ortschaften [&hellip;]<\/p>\n","protected":false},"author":1,"featured_media":1155,"parent":0,"menu_order":0,"comment_status":"closed","ping_status":"open","template":"","meta":{"footnotes":""},"class_list":["post-1944","page","type-page","status-publish","has-post-thumbnail","hentry","page-entry","loop-entry clr"],"_links":{"self":[{"href":"https:\/\/bi-wollenberg.de\/index.php\/wp-json\/wp\/v2\/pages\/1944","targetHints":{"allow":["GET"]}}],"collection":[{"href":"https:\/\/bi-wollenberg.de\/index.php\/wp-json\/wp\/v2\/pages"}],"about":[{"href":"https:\/\/bi-wollenberg.de\/index.php\/wp-json\/wp\/v2\/types\/page"}],"author":[{"embeddable":true,"href":"https:\/\/bi-wollenberg.de\/index.php\/wp-json\/wp\/v2\/users\/1"}],"replies":[{"embeddable":true,"href":"https:\/\/bi-wollenberg.de\/index.php\/wp-json\/wp\/v2\/comments?post=1944"}],"version-history":[{"count":1,"href":"https:\/\/bi-wollenberg.de\/index.php\/wp-json\/wp\/v2\/pages\/1944\/revisions"}],"predecessor-version":[{"id":2002,"href":"https:\/\/bi-wollenberg.de\/index.php\/wp-json\/wp\/v2\/pages\/1944\/revisions\/2002"}],"wp:featuredmedia":[{"embeddable":true,"href":"https:\/\/bi-wollenberg.de\/index.php\/wp-json\/wp\/v2\/media\/1155"}],"wp:attachment":[{"href":"https:\/\/bi-wollenberg.de\/index.php\/wp-json\/wp\/v2\/media?parent=1944"}],"curies":[{"name":"wp","href":"https:\/\/api.w.org\/{rel}","templated":true}]}}