{"id":21,"date":"2013-11-03T16:37:44","date_gmt":"2013-11-03T14:37:44","guid":{"rendered":"http:\/\/bi-wollenberg.org\/?page_id=21"},"modified":"2026-03-20T09:26:32","modified_gmt":"2026-03-20T08:26:32","slug":"bi","status":"publish","type":"page","link":"https:\/\/bi-wollenberg.de\/index.php\/bi\/","title":{"rendered":"B\u00fcrgerinitiative"},"content":{"rendered":"<p>Die B\u00fcrgerinitiative \u201eRettet den Wollenberg\u201c ist ein eingetragener Verein mit den Satzungszwecken Beaufsichtigung, Erhalt und Unterrichtung \u00fcber das gem\u00e4\u00df dem Schutzgebietssystem \u201eNatura 2000\u201c ausgewiesenen FFH-Gebiet \u201eLahnh\u00e4nge zwischen Biedenkopf und Marburg\u201c (DE\u00a05017-305). Wir sind \u00fcber eine von der Europ\u00e4ischen Kommission angenommene Beschwerde erfolgreich gegen Bestrebungen vorgegangen, dort auf einer Teilfl\u00e4che einen Windpark zu errichten.<\/p>\n<p>Seit 2014 f\u00fchren wir im Bereich Wollenberg kontinuierlich Erfassungen zu Fauna und Flora durch. Diese werden georeferenziert aufgezeichnet, in eine Datenbank \u00fcberf\u00fchrt und via offene Ausgabeschnittstellen in digitale geographische Kartensysteme \u00fcbertragen. In einem Open Science-Projekt haben wir 2016 zudem damit begonnen, Fledermausrufe systematisch zu detektieren. Dieses Projekt befindet sich noch in einer Pilotphase.<\/p>\n<p>Perspektivisch ist vorgesehen, sensorakustische Erfassungen und digitale Kartierungen von Fledermausaktivit\u00e4ten in einem gr\u00f6\u00dferen Rahmen innerhalb des FFH-Gebiets vorzunehmen. Ziel ist es, die Lebensbedingungen dieser nachtaktiven Art f\u00fcr eine breitere \u00d6ffentlichkeit sichtbar, erlebbar und verst\u00e4ndlich zu machen. Dazu stehen wir in Kontakt mit \u00e4hnlichen Initiativen in Deutschland, Europa und den USA.<\/p>\n<p><b>Kontakt:<\/b><\/p>\n<p>E-Mail: kontakt (at) bi-wollenberg.de\/<\/p>\n<h3>Helfen auch Sie, den Wollenberg zu erhalten.\u00a0Wir freuen uns auf Ihre Unterst\u00fctzung.<\/h3>\n<h4>Ansprechpartner vor Ort:<\/h4>\n<table border=\"0\" width=\"600\">\n<tbody>\n<tr>\n<td><strong>Susann Kalden<br \/>\n<\/strong>Am Bahnhof 6<br \/>\nD-35083 Wetter<br \/>\nTelefon: 06423-307223<br \/>\nE-Mail: susannkalden (at) gmx.de<\/td>\n<td><strong>Bernd Schautes<br \/>\n<\/strong>M\u00fchlenstr. 9<br \/>\nD-35094 Lahntal-Caldern<br \/>\nTelefon: 06420-272<br \/>\nE-Mail: b.schautes (at) gmx.de<\/td>\n<\/tr>\n<\/tbody>\n<\/table>\n","protected":false},"excerpt":{"rendered":"<p>Die B\u00fcrgerinitiative \u201eRettet den Wollenberg\u201c ist ein eingetragener Verein mit den Satzungszwecken Beaufsichtigung, Erhalt und Unterrichtung \u00fcber das gem\u00e4\u00df dem Schutzgebietssystem \u201eNatura 2000\u201c ausgewiesenen FFH-Gebiet \u201eLahnh\u00e4nge zwischen Biedenkopf und Marburg\u201c (DE\u00a05017-305). Wir sind \u00fcber eine von der Europ\u00e4ischen Kommission angenommene Beschwerde erfolgreich gegen Bestrebungen vorgegangen, dort auf einer Teilfl\u00e4che einen Windpark zu errichten. Seit 2014 [&hellip;]<\/p>\n","protected":false},"author":1,"featured_media":1155,"parent":0,"menu_order":1,"comment_status":"closed","ping_status":"open","template":"","meta":{"footnotes":""},"class_list":["post-21","page","type-page","status-publish","has-post-thumbnail","hentry","page-entry","loop-entry clr"],"_links":{"self":[{"href":"https:\/\/bi-wollenberg.de\/index.php\/wp-json\/wp\/v2\/pages\/21","targetHints":{"allow":["GET"]}}],"collection":[{"href":"https:\/\/bi-wollenberg.de\/index.php\/wp-json\/wp\/v2\/pages"}],"about":[{"href":"https:\/\/bi-wollenberg.de\/index.php\/wp-json\/wp\/v2\/types\/page"}],"author":[{"embeddable":true,"href":"https:\/\/bi-wollenberg.de\/index.php\/wp-json\/wp\/v2\/users\/1"}],"replies":[{"embeddable":true,"href":"https:\/\/bi-wollenberg.de\/index.php\/wp-json\/wp\/v2\/comments?post=21"}],"version-history":[{"count":1,"href":"https:\/\/bi-wollenberg.de\/index.php\/wp-json\/wp\/v2\/pages\/21\/revisions"}],"predecessor-version":[{"id":2003,"href":"https:\/\/bi-wollenberg.de\/index.php\/wp-json\/wp\/v2\/pages\/21\/revisions\/2003"}],"wp:featuredmedia":[{"embeddable":true,"href":"https:\/\/bi-wollenberg.de\/index.php\/wp-json\/wp\/v2\/media\/1155"}],"wp:attachment":[{"href":"https:\/\/bi-wollenberg.de\/index.php\/wp-json\/wp\/v2\/media?parent=21"}],"curies":[{"name":"wp","href":"https:\/\/api.w.org\/{rel}","templated":true}]}}