{"id":23,"date":"2013-11-03T16:37:53","date_gmt":"2013-11-03T14:37:53","guid":{"rendered":"http:\/\/bi-wollenberg.org\/?page_id=23"},"modified":"2026-03-20T09:26:32","modified_gmt":"2026-03-20T08:26:32","slug":"dokumente","status":"publish","type":"page","link":"https:\/\/bi-wollenberg.de\/index.php\/bi\/dokumente\/","title":{"rendered":"Dokumente"},"content":{"rendered":"<ul>\n<li><a href=\"https:\/\/bi-wollenberg.de\/wp-content\/uploads\/2026\/02\/2025-bericht-fledermausprojekt.pdf\">Untersuchungen zum Fledermausaufkommen im Wollenberg: Erfassungsjahr 2025<\/a> \u2013 21.02.2026<\/li>\n<\/ul>\n<ul>\n<li><a href=\"https:\/\/bi-wollenberg.de\/wp-content\/uploads\/2025\/08\/Stellungnahme_-WP-Treisbacher-Hardt-Goerzhaeuser-Hof.pdf\" target=\"_blank\" rel=\"noopener\">Stellungnahme zur Natura 2000-Vertr\u00e4glichkeit der Windparkprojekte Treisbacher Hardt und G\u00f6rzh\u00e4user Hof<\/a> \u2013\u00a0 03.08.2025<\/li>\n<\/ul>\n<ul>\n<li><a href=\"https:\/\/bi-wollenberg.de\/wp-content\/uploads\/2024\/01\/Stellungnahme-BNetzA_BI-Wollenberg.pdf\" target=\"_blank\" rel=\"noopener\">Stellungnahme zum Entwurf des Umweltberichts 2023\u20132037\/2045 der Bundesnetzagentur<\/a> \u2013\u00a0 12.01.2024<\/li>\n<\/ul>\n<ul>\n<li><a href=\"https:\/\/bi-wollenberg.de\/wp-content\/uploads\/2019\/02\/Avifauna-2014-2018.pdf\">Bericht: Erfassungen zur Avifauna im Bereich Wollenberg 2014\u20132018 (Ausgew\u00e4hlte Gro\u00dfvogelarten)<\/a> \u2013 10.02.2019 (1,5 MB)<\/li>\n<\/ul>\n<ul>\n<li><a href=\"http:\/\/ffh-monitor.org\/16\/bats\/2016-bericht-fledermausprojekt.pdf\" target=\"_blank\" rel=\"noopener noreferrer\">Bericht: Untersuchungen zum Fledermausaufkommen im Wollenberg (2016)<\/a>\u00a0\u2013 07.06.2017<br \/>\nAnhang A: <a href=\"http:\/\/ffh-monitor.org\/16\/bats\/2016-bericht-aktivitaet.pdf\" target=\"_blank\" rel=\"noopener noreferrer\">Rohdatenauswertung zur Aktivit\u00e4t<\/a><br \/>\nAnhang B:\u00a0<a href=\"http:\/\/ffh-monitor.org\/16\/bats\/2016-bericht-klassifizierung.pdf\" target=\"_blank\" rel=\"noopener noreferrer\">Rohdatenauswertung zur Klassifizierung<\/a><\/li>\n<\/ul>\n<ul>\n<li><a href=\"https:\/\/bi-wollenberg.de\/wp-content\/uploads\/2016\/07\/Stellungnahme_2016-17-07.pdf\">BI-Stellungnahme im Rahmen der Erarbeitung des Ma\u00dfnahmenplans f\u00fcr das FFH-Gebiet DE 5017-305<\/a> \u2013 18.07.2016 (23,8 MB)<\/li>\n<\/ul>\n<ul>\n<li><a href=\"https:\/\/bi-wollenberg.de\/wp-content\/uploads\/2016\/07\/BI-Wollenberg_Stellungnahme_Avifauna.pdf\">BI-Stellungnahme zur Avifauna der Gro\u00dfvogel- und Eulenarten im Bereich Wollenberg<\/a>, \u2013 15.03.2015<\/li>\n<\/ul>\n<ul>\n<li><a href=\"https:\/\/bi-wollenberg.de\/wp-content\/uploads\/2014\/10\/5937-13-ENVI_letter-to-citizen-14-Feb2014-1.pdf\" target=\"_blank\" rel=\"noopener noreferrer\">Vier Fragen der Europ\u00e4ischen Kommission und die Antworten der deutschen Beh\u00f6rden<\/a> \u2013 14.02.2014<\/li>\n<\/ul>\n","protected":false},"excerpt":{"rendered":"<p>Untersuchungen zum Fledermausaufkommen im Wollenberg: Erfassungsjahr 2025 \u2013 21.02.2026 Stellungnahme zur Natura 2000-Vertr\u00e4glichkeit der Windparkprojekte Treisbacher Hardt und G\u00f6rzh\u00e4user Hof \u2013\u00a0 03.08.2025 Stellungnahme zum Entwurf des Umweltberichts 2023\u20132037\/2045 der Bundesnetzagentur \u2013\u00a0 12.01.2024 Bericht: Erfassungen zur Avifauna im Bereich Wollenberg 2014\u20132018 (Ausgew\u00e4hlte Gro\u00dfvogelarten) \u2013 10.02.2019 (1,5 MB) Bericht: Untersuchungen zum Fledermausaufkommen im Wollenberg (2016)\u00a0\u2013 07.06.2017 Anhang [&hellip;]<\/p>\n","protected":false},"author":1,"featured_media":1155,"parent":21,"menu_order":4,"comment_status":"closed","ping_status":"open","template":"","meta":{"footnotes":""},"class_list":["post-23","page","type-page","status-publish","has-post-thumbnail","hentry","page-entry","loop-entry clr"],"_links":{"self":[{"href":"https:\/\/bi-wollenberg.de\/index.php\/wp-json\/wp\/v2\/pages\/23","targetHints":{"allow":["GET"]}}],"collection":[{"href":"https:\/\/bi-wollenberg.de\/index.php\/wp-json\/wp\/v2\/pages"}],"about":[{"href":"https:\/\/bi-wollenberg.de\/index.php\/wp-json\/wp\/v2\/types\/page"}],"author":[{"embeddable":true,"href":"https:\/\/bi-wollenberg.de\/index.php\/wp-json\/wp\/v2\/users\/1"}],"replies":[{"embeddable":true,"href":"https:\/\/bi-wollenberg.de\/index.php\/wp-json\/wp\/v2\/comments?post=23"}],"version-history":[{"count":1,"href":"https:\/\/bi-wollenberg.de\/index.php\/wp-json\/wp\/v2\/pages\/23\/revisions"}],"predecessor-version":[{"id":2004,"href":"https:\/\/bi-wollenberg.de\/index.php\/wp-json\/wp\/v2\/pages\/23\/revisions\/2004"}],"up":[{"embeddable":true,"href":"https:\/\/bi-wollenberg.de\/index.php\/wp-json\/wp\/v2\/pages\/21"}],"wp:featuredmedia":[{"embeddable":true,"href":"https:\/\/bi-wollenberg.de\/index.php\/wp-json\/wp\/v2\/media\/1155"}],"wp:attachment":[{"href":"https:\/\/bi-wollenberg.de\/index.php\/wp-json\/wp\/v2\/media?parent=23"}],"curies":[{"name":"wp","href":"https:\/\/api.w.org\/{rel}","templated":true}]}}