{"id":535,"date":"2014-03-25T14:27:07","date_gmt":"2014-03-25T12:27:07","guid":{"rendered":"http:\/\/bi-wollenberg.org\/?page_id=535"},"modified":"2026-03-20T09:26:32","modified_gmt":"2026-03-20T08:26:32","slug":"verein","status":"publish","type":"page","link":"https:\/\/bi-wollenberg.de\/index.php\/bi\/verein\/","title":{"rendered":"Verein"},"content":{"rendered":"<p>Der B\u00fcrgerinitiative &#8222;Rettet den Wollenberg&#8220; ist ein eingetragener Verein zur Entgegenwirkung der Sch\u00e4digung der Natur, der Arten und des Waldes, zur \u00dcberwachung des gem\u00e4\u00df dem Schutzgebietssystem &#8222;Natura 2000&#8220; ausgewiesenen FFH-Gebietes sowie zur Unterrichtung der \u00d6ffentlichkeit \u00fcber den hohen Wert eines intakten Naturhaushaltes und intakter Lebensr\u00e4ume. Als\u00a0<span style=\"font-family: Arial, serif;\">gemeinn\u00fctzig anerkannte K\u00f6rperschaft dient sie zur F\u00f6rderung des Naturschutzes und der Land\u00adschaftspflege sowie des Umweltschutzes einschlie\u00dflich des Klimaschutzes.<\/span><\/p>\n<ul>\n<li><a href=\"https:\/\/bi-wollenberg.de\/wp-content\/uploads\/2014\/08\/Satzung_BI-Rettet-den-Wollenberg_2014-15-08.pdf\" target=\"_blank\" rel=\"noopener noreferrer\">Satzung<\/a><\/li>\n<\/ul>\n<p>Die Mitgliedschaft ist beitragsfrei, <a href=\"https:\/\/bi-wollenberg.de\/?page_id=752\">Spenden<\/a> sind gerne gesehen:<\/p>\n<ul>\n<li><a href=\"https:\/\/bi-wollenberg.de\/wp-content\/uploads\/2014\/03\/Beitrittserklaerung-BI-Rettet-den-Wollenberg.pdf\">Beitrittserkl\u00e4rung<\/a><\/li>\n<\/ul>\n<p>Die Beitrittserkl\u00e4rung ist unterschrieben entweder postalisch zu \u00fcbermitteln oder als Scan per E-Mail:<\/p>\n<ul>\n<li>BI &#8222;Rettet den Wollenberg&#8220; e.V.<br \/>\nc\/o Dr. J\u00fcrgen Scheele<br \/>\nAm Bahnhof 6<br \/>\n35083 Wetter<\/li>\n<li>kontakt (at) bi-wollenberg.de\/<\/li>\n<\/ul>\n","protected":false},"excerpt":{"rendered":"<p>Der B\u00fcrgerinitiative &#8222;Rettet den Wollenberg&#8220; ist ein eingetragener Verein zur Entgegenwirkung der Sch\u00e4digung der Natur, der Arten und des Waldes, zur \u00dcberwachung des gem\u00e4\u00df dem Schutzgebietssystem &#8222;Natura 2000&#8220; ausgewiesenen FFH-Gebietes sowie zur Unterrichtung der \u00d6ffentlichkeit \u00fcber den hohen Wert eines intakten Naturhaushaltes und intakter Lebensr\u00e4ume. Als\u00a0gemeinn\u00fctzig anerkannte K\u00f6rperschaft dient sie zur F\u00f6rderung des Naturschutzes und [&hellip;]<\/p>\n","protected":false},"author":3,"featured_media":1155,"parent":21,"menu_order":2,"comment_status":"closed","ping_status":"open","template":"","meta":{"footnotes":""},"class_list":["post-535","page","type-page","status-publish","has-post-thumbnail","hentry","page-entry","loop-entry clr"],"_links":{"self":[{"href":"https:\/\/bi-wollenberg.de\/index.php\/wp-json\/wp\/v2\/pages\/535","targetHints":{"allow":["GET"]}}],"collection":[{"href":"https:\/\/bi-wollenberg.de\/index.php\/wp-json\/wp\/v2\/pages"}],"about":[{"href":"https:\/\/bi-wollenberg.de\/index.php\/wp-json\/wp\/v2\/types\/page"}],"author":[{"embeddable":true,"href":"https:\/\/bi-wollenberg.de\/index.php\/wp-json\/wp\/v2\/users\/3"}],"replies":[{"embeddable":true,"href":"https:\/\/bi-wollenberg.de\/index.php\/wp-json\/wp\/v2\/comments?post=535"}],"version-history":[{"count":1,"href":"https:\/\/bi-wollenberg.de\/index.php\/wp-json\/wp\/v2\/pages\/535\/revisions"}],"predecessor-version":[{"id":2121,"href":"https:\/\/bi-wollenberg.de\/index.php\/wp-json\/wp\/v2\/pages\/535\/revisions\/2121"}],"up":[{"embeddable":true,"href":"https:\/\/bi-wollenberg.de\/index.php\/wp-json\/wp\/v2\/pages\/21"}],"wp:featuredmedia":[{"embeddable":true,"href":"https:\/\/bi-wollenberg.de\/index.php\/wp-json\/wp\/v2\/media\/1155"}],"wp:attachment":[{"href":"https:\/\/bi-wollenberg.de\/index.php\/wp-json\/wp\/v2\/media?parent=535"}],"curies":[{"name":"wp","href":"https:\/\/api.w.org\/{rel}","templated":true}]}}